{"id":13806,"date":"2022-03-19T08:26:54","date_gmt":"2022-03-19T08:26:54","guid":{"rendered":"https:\/\/smarttrader.community\/ueber-smarttrader"},"modified":"2023-05-27T10:29:35","modified_gmt":"2023-05-27T10:29:35","slug":"ueber-smarttrader","status":"publish","type":"page","link":"https:\/\/smarttrader.community\/de\/ueber-smarttrader\/","title":{"rendered":"\u00dcber SmartTrader"},"content":{"rendered":"\n<div class=\"wp-block-columns is-layout-flex wp-container-core-columns-is-layout-9d6595d7 wp-block-columns-is-layout-flex\">\n<div class=\"wp-block-column is-layout-flow wp-block-column-is-layout-flow\" style=\"flex-basis:66.66%\">\n<p>SmartTrader ist eine Gemeinschaft f\u00fcr Trader aller Erfahrungsstufen. Der Handel ist alles andere als einfach, und vor allem kann man vieles falsch machen und trotzdem das Gef\u00fchl haben, kurzfristig &#8222;erfolgreich&#8220; zu sein, was einem ein falsches Gef\u00fchl geben kann, auf dem richtigen Weg zu sein. Mit diesem tr\u00fcgerischen Gef\u00fchl und der M\u00f6glichkeit, die M\u00e4rkte beliebig zu interpretieren, spielen viele sogenannte Experten und versuchen, nutzlose Kurse zu verkaufen oder das gro\u00dfe, schnelle Geld zu versprechen.<\/p>\n\n\n\n<p>Bei SmartTrader ist alles anders. Wir handeln gemeinsam und werden niemals einen Handel eingehen, ohne genau zu wissen, was wir tun, und dies zu 100 % rechtfertigen zu k\u00f6nnen. Es gibt keine &#8222;Geheimstrategie&#8220; oder irgendwelche Indikatoren, die man einfach lernt und dann erfolgreich handelt &#8211; das ist v\u00f6lliger Unsinn!<\/p>\n<\/div>\n\n\n\n<div class=\"wp-block-column is-layout-flow wp-block-column-is-layout-flow\" style=\"flex-basis:33.33%\">\n<figure class=\"wp-block-image size-full is-resized\"><img decoding=\"async\" src=\"https:\/\/smarttrader.community\/wp-content\/uploads\/2023\/03\/RL-Icon-1.png\" alt=\"\" class=\"wp-image-7813\" width=\"268\" srcset=\"https:\/\/smarttrader.community\/wp-content\/uploads\/2023\/03\/RL-Icon-1.png 709w, https:\/\/smarttrader.community\/wp-content\/uploads\/2023\/03\/RL-Icon-1-300x266.png 300w\" sizes=\"(max-width: 709px) 100vw, 709px\" \/><\/figure>\n<\/div>\n<\/div>\n<p>Ich gebe mein Wissen aus \u00fcber 18 Jahren Handelserfahrung an Sie weiter. Seit mehr als 14 Jahren bin ich in verschiedenen Positionen in der Finanzbranche und der Unternehmensberatung t\u00e4tig. Seit 2014\/15 bin ich auch zunehmend als Coach, Trading-Mentor oder auch Lehrer t\u00e4tig und seit Anfang 2018 mit <a href=\"https:\/\/smarttrader.community\/de\">SmartTrader<\/a> vor allem weg vom Fokus auf Gro\u00dfanleger und institutionelle H\u00e4ndler, hin zu &#8222;normalen&#8220; Menschen &#8211; wie Sie und ich.<\/p>\n<\/p>\n<p style=\"font-size: 25px;\">Ich tue genau das, was andere nicht tun &#8211; ich erkl\u00e4re das WARUM.<\/p>\n<p>Warum bewegt sich ein Verm\u00f6genswert in eine bestimmte Richtung, warum gibt es eine hohe Volatilit\u00e4t an den M\u00e4rkten, und wie kann man am besten davon profitieren? Sie werden auch oft feststellen, dass ich eine ganz andere Meinung vertrete als die, die Sie von den &#8222;Experten&#8220; im Wall Street Journal, bei Bloomberg oder CNBC lesen &#8211; denn die zitieren sich nur gegenseitig oder erkl\u00e4ren, was passiert ist, anstatt zu erkl\u00e4ren, was passieren wird.<\/p>\n<p>Bei <a href=\"https:\/\/smarttrader.community\/de\">SmartTrader<\/a> lernen Sie alle Arten von Aspekten des Handels, vor allem die Fundamentalanalyse und wie man Entscheidungen auf der Grundlage von Fundamentaldaten sowie aktuellen und zuk\u00fcnftigen Ereignissen trifft. Es ist mir auch wichtig, dass Sie die Psychologie des Marktes, das Risikomanagement, das Geldmanagement, aber auch Ihre pers\u00f6nlichen Handelsstatistiken, Ihre pers\u00f6nliche Erfolgsbilanz und die Handelssoftware und -instrumente verstehen. Wir arbeiten auch an der richtigen Denkweise und Erwartungshaltung, damit Sie in Zukunft nur noch solide, d.h. gut \u00fcberlegte, fundierte und nachvollziehbare Entscheidungen treffen werden.<\/p>\n<p>All dies mag sich zun\u00e4chst kompliziert anh\u00f6ren &#8211; aber wenn Sie motiviert und geduldig sind und meiner Anleitung folgen, werden Sie alles haben, was Sie brauchen, um entscheidende Schritte auf dem Weg zum erfolgreichen H\u00e4ndler zu machen. Viele vor Ihnen sind diesen Weg bereits mit mir und unserer Gemeinschaft gegangen.<\/p>\n<p>Wir bei <a href=\"https:\/\/smarttrader.community\/de\">SmartTrader<\/a> haben nur ein Ziel:&nbsp;<strong>Gemeinsam erfolgreich sein!<\/strong><\/p>\n","protected":false},"excerpt":{"rendered":"<p>SmartTrader ist eine Gemeinschaft f\u00fcr Trader aller Erfahrungsstufen. Der Handel ist alles andere als einfach, und vor allem kann man&#8230;<\/p>\n","protected":false},"author":1,"featured_media":0,"parent":0,"menu_order":0,"comment_status":"closed","ping_status":"closed","template":"","meta":{"content-type":"","pmpro_default_level":"","_daextam_enable_autolinks":"","footnotes":""},"class_list":{"0":"post-13806","1":"page","2":"type-page","3":"status-publish","5":"pmpro-has-access"},"yoast_head":"<!-- This site is optimized with the Yoast SEO plugin v26.8 - https:\/\/yoast.com\/product\/yoast-seo-wordpress\/ -->\n<title>\u00dcber SmartTrader - SmartTrader<\/title>\n<meta name=\"description\" content=\"Der Handel ist alles andere als einfach, und vor allem kann man vieles falsch machen und trotzdem das Gef\u00fchl haben, kurzfristig &quot;erfolgreich&quot; zu sein, was einem ein falsches Gef\u00fchl geben kann, auf dem richtigen Weg zu sein.\" \/>\n<meta name=\"robots\" content=\"index, follow, max-snippet:-1, max-image-preview:large, max-video-preview:-1\" \/>\n<link rel=\"canonical\" href=\"https:\/\/smarttrader.community\/de\/ueber-smarttrader\/\" \/>\n<meta property=\"og:locale\" content=\"de_DE\" \/>\n<meta property=\"og:type\" content=\"article\" \/>\n<meta property=\"og:title\" content=\"\u00dcber SmartTrader - SmartTrader\" \/>\n<meta property=\"og:description\" content=\"Der Handel ist alles andere als einfach, und vor allem kann man vieles falsch machen und trotzdem das Gef\u00fchl haben, kurzfristig &quot;erfolgreich&quot; zu sein, was einem ein falsches Gef\u00fchl geben kann, auf dem richtigen Weg zu sein.\" \/>\n<meta property=\"og:url\" content=\"https:\/\/smarttrader.community\/de\/ueber-smarttrader\/\" \/>\n<meta property=\"og:site_name\" content=\"SmartTrader\" \/>\n<meta property=\"article:modified_time\" content=\"2023-05-27T10:29:35+00:00\" \/>\n<meta property=\"og:image\" content=\"https:\/\/smarttrader.community\/wp-content\/uploads\/2023\/03\/RL-Icon-1.png\" \/>\n<meta name=\"twitter:card\" content=\"summary_large_image\" \/>\n<meta name=\"twitter:label1\" content=\"Gesch\u00e4tzte Lesezeit\" \/>\n\t<meta name=\"twitter:data1\" content=\"2\u00a0Minuten\" \/>\n<script type=\"application\/ld+json\" class=\"yoast-schema-graph\">{\"@context\":\"https:\/\/schema.org\",\"@graph\":[{\"@type\":\"WebPage\",\"@id\":\"https:\/\/smarttrader.community\/de\/ueber-smarttrader\/\",\"url\":\"https:\/\/smarttrader.community\/de\/ueber-smarttrader\/\",\"name\":\"\u00dcber SmartTrader - SmartTrader\",\"isPartOf\":{\"@id\":\"https:\/\/smarttrader.community\/de\/#website\"},\"primaryImageOfPage\":{\"@id\":\"https:\/\/smarttrader.community\/de\/ueber-smarttrader\/#primaryimage\"},\"image\":{\"@id\":\"https:\/\/smarttrader.community\/de\/ueber-smarttrader\/#primaryimage\"},\"thumbnailUrl\":\"https:\/\/smarttrader.community\/wp-content\/uploads\/2023\/03\/RL-Icon-1.png\",\"datePublished\":\"2022-03-19T08:26:54+00:00\",\"dateModified\":\"2023-05-27T10:29:35+00:00\",\"description\":\"Der Handel ist alles andere als einfach, und vor allem kann man vieles falsch machen und trotzdem das Gef\u00fchl haben, kurzfristig \\\"erfolgreich\\\" zu sein, was einem ein falsches Gef\u00fchl geben kann, auf dem richtigen Weg zu sein.\",\"breadcrumb\":{\"@id\":\"https:\/\/smarttrader.community\/de\/ueber-smarttrader\/#breadcrumb\"},\"inLanguage\":\"de\",\"potentialAction\":[{\"@type\":\"ReadAction\",\"target\":[\"https:\/\/smarttrader.community\/de\/ueber-smarttrader\/\"]}]},{\"@type\":\"ImageObject\",\"inLanguage\":\"de\",\"@id\":\"https:\/\/smarttrader.community\/de\/ueber-smarttrader\/#primaryimage\",\"url\":\"https:\/\/smarttrader.community\/wp-content\/uploads\/2023\/03\/RL-Icon-1.png\",\"contentUrl\":\"https:\/\/smarttrader.community\/wp-content\/uploads\/2023\/03\/RL-Icon-1.png\"},{\"@type\":\"BreadcrumbList\",\"@id\":\"https:\/\/smarttrader.community\/de\/ueber-smarttrader\/#breadcrumb\",\"itemListElement\":[{\"@type\":\"ListItem\",\"position\":1,\"name\":\"Home\",\"item\":\"https:\/\/smarttrader.community\/de\/\"},{\"@type\":\"ListItem\",\"position\":2,\"name\":\"\u00dcber SmartTrader\"}]},{\"@type\":\"WebSite\",\"@id\":\"https:\/\/smarttrader.community\/de\/#website\",\"url\":\"https:\/\/smarttrader.community\/de\/\",\"name\":\"SmartTrader\",\"description\":\"\",\"potentialAction\":[{\"@type\":\"SearchAction\",\"target\":{\"@type\":\"EntryPoint\",\"urlTemplate\":\"https:\/\/smarttrader.community\/de\/?s={search_term_string}\"},\"query-input\":{\"@type\":\"PropertyValueSpecification\",\"valueRequired\":true,\"valueName\":\"search_term_string\"}}],\"inLanguage\":\"de\"}]}<\/script>\n<!-- \/ Yoast SEO plugin. -->","yoast_head_json":{"title":"\u00dcber SmartTrader - SmartTrader","description":"Der Handel ist alles andere als einfach, und vor allem kann man vieles falsch machen und trotzdem das Gef\u00fchl haben, kurzfristig \"erfolgreich\" zu sein, was einem ein falsches Gef\u00fchl geben kann, auf dem richtigen Weg zu sein.","robots":{"index":"index","follow":"follow","max-snippet":"max-snippet:-1","max-image-preview":"max-image-preview:large","max-video-preview":"max-video-preview:-1"},"canonical":"https:\/\/smarttrader.community\/de\/ueber-smarttrader\/","og_locale":"de_DE","og_type":"article","og_title":"\u00dcber SmartTrader - SmartTrader","og_description":"Der Handel ist alles andere als einfach, und vor allem kann man vieles falsch machen und trotzdem das Gef\u00fchl haben, kurzfristig \"erfolgreich\" zu sein, was einem ein falsches Gef\u00fchl geben kann, auf dem richtigen Weg zu sein.","og_url":"https:\/\/smarttrader.community\/de\/ueber-smarttrader\/","og_site_name":"SmartTrader","article_modified_time":"2023-05-27T10:29:35+00:00","og_image":[{"url":"https:\/\/smarttrader.community\/wp-content\/uploads\/2023\/03\/RL-Icon-1.png","type":"","width":"","height":""}],"twitter_card":"summary_large_image","twitter_misc":{"Gesch\u00e4tzte Lesezeit":"2\u00a0Minuten"},"schema":{"@context":"https:\/\/schema.org","@graph":[{"@type":"WebPage","@id":"https:\/\/smarttrader.community\/de\/ueber-smarttrader\/","url":"https:\/\/smarttrader.community\/de\/ueber-smarttrader\/","name":"\u00dcber SmartTrader - SmartTrader","isPartOf":{"@id":"https:\/\/smarttrader.community\/de\/#website"},"primaryImageOfPage":{"@id":"https:\/\/smarttrader.community\/de\/ueber-smarttrader\/#primaryimage"},"image":{"@id":"https:\/\/smarttrader.community\/de\/ueber-smarttrader\/#primaryimage"},"thumbnailUrl":"https:\/\/smarttrader.community\/wp-content\/uploads\/2023\/03\/RL-Icon-1.png","datePublished":"2022-03-19T08:26:54+00:00","dateModified":"2023-05-27T10:29:35+00:00","description":"Der Handel ist alles andere als einfach, und vor allem kann man vieles falsch machen und trotzdem das Gef\u00fchl haben, kurzfristig \"erfolgreich\" zu sein, was einem ein falsches Gef\u00fchl geben kann, auf dem richtigen Weg zu sein.","breadcrumb":{"@id":"https:\/\/smarttrader.community\/de\/ueber-smarttrader\/#breadcrumb"},"inLanguage":"de","potentialAction":[{"@type":"ReadAction","target":["https:\/\/smarttrader.community\/de\/ueber-smarttrader\/"]}]},{"@type":"ImageObject","inLanguage":"de","@id":"https:\/\/smarttrader.community\/de\/ueber-smarttrader\/#primaryimage","url":"https:\/\/smarttrader.community\/wp-content\/uploads\/2023\/03\/RL-Icon-1.png","contentUrl":"https:\/\/smarttrader.community\/wp-content\/uploads\/2023\/03\/RL-Icon-1.png"},{"@type":"BreadcrumbList","@id":"https:\/\/smarttrader.community\/de\/ueber-smarttrader\/#breadcrumb","itemListElement":[{"@type":"ListItem","position":1,"name":"Home","item":"https:\/\/smarttrader.community\/de\/"},{"@type":"ListItem","position":2,"name":"\u00dcber SmartTrader"}]},{"@type":"WebSite","@id":"https:\/\/smarttrader.community\/de\/#website","url":"https:\/\/smarttrader.community\/de\/","name":"SmartTrader","description":"","potentialAction":[{"@type":"SearchAction","target":{"@type":"EntryPoint","urlTemplate":"https:\/\/smarttrader.community\/de\/?s={search_term_string}"},"query-input":{"@type":"PropertyValueSpecification","valueRequired":true,"valueName":"search_term_string"}}],"inLanguage":"de"}]}},"_links":{"self":[{"href":"https:\/\/smarttrader.community\/de\/wp-json\/wp\/v2\/pages\/13806","targetHints":{"allow":["GET"]}}],"collection":[{"href":"https:\/\/smarttrader.community\/de\/wp-json\/wp\/v2\/pages"}],"about":[{"href":"https:\/\/smarttrader.community\/de\/wp-json\/wp\/v2\/types\/page"}],"author":[{"embeddable":true,"href":"https:\/\/smarttrader.community\/de\/wp-json\/wp\/v2\/users\/1"}],"replies":[{"embeddable":true,"href":"https:\/\/smarttrader.community\/de\/wp-json\/wp\/v2\/comments?post=13806"}],"version-history":[{"count":0,"href":"https:\/\/smarttrader.community\/de\/wp-json\/wp\/v2\/pages\/13806\/revisions"}],"wp:attachment":[{"href":"https:\/\/smarttrader.community\/de\/wp-json\/wp\/v2\/media?parent=13806"}],"curies":[{"name":"wp","href":"https:\/\/api.w.org\/{rel}","templated":true}]}}