{"id":13808,"date":"2023-03-15T10:13:38","date_gmt":"2023-03-15T10:13:38","guid":{"rendered":"https:\/\/smarttrader.community\/ueber-robert-lindner"},"modified":"2023-05-27T10:37:56","modified_gmt":"2023-05-27T10:37:56","slug":"ueber-robert-lindner","status":"publish","type":"page","link":"https:\/\/smarttrader.community\/de\/ueber-robert-lindner\/","title":{"rendered":"\u00dcber Robert Lindner"},"content":{"rendered":"\n<div class=\"wp-block-columns is-layout-flex wp-container-core-columns-is-layout-9d6595d7 wp-block-columns-is-layout-flex\">\n<div class=\"wp-block-column is-layout-flow wp-block-column-is-layout-flow\" style=\"flex-basis:66.66%\">\n<p>Das Wichtigste zuerst: <strong>SmartTrader dreht sich nicht um mich, sondern um SIE.<\/strong> <\/p>\n\n\n\n<p>Sie sind die Gemeinschaft und gemeinsam k\u00f6nnen wir viel erreichen!<\/p>\n\n\n\n<p>Ein paar kurze Worte zu meiner Person: Ich bin Robert Lindner Ich handle seit mehr als 18 Jahren, anfangs haupts\u00e4chlich mit Aktien, heute mit allen Anlageklassen. Seit mehr als 14 Jahren, auch w\u00e4hrend meines Studiums, habe ich in verschiedenen Positionen im Finanzsektor und in der Unternehmensberatung gearbeitet. Ich bin Analyst, Investor, Trader und seit 2014\/15 zunehmend auch Trading-Mentor, Coach, Lehrer oder wie auch immer man es nennen m\u00f6chte. In meiner Anfangszeit als Coach konzentrierte sich mein Mentoring haupts\u00e4chlich auf institutionelle H\u00e4ndler &#8211; je mehr Geld sie hatten, desto besser.<\/p>\n<\/div>\n\n\n\n<div class=\"wp-block-column is-vertically-aligned-center is-layout-flow wp-block-column-is-layout-flow\" style=\"flex-basis:33.33%\"><div class=\"wp-block-image\">\n<figure class=\"aligncenter size-full is-resized\"><img loading=\"lazy\" loading=\"lazy\" decoding=\"async\" src=\"https:\/\/smarttrader.community\/wp-content\/uploads\/2023\/03\/RobertRoundedInsta.png\" alt=\"\" class=\"wp-image-6584\" width=\"246\" height=\"246\" srcset=\"https:\/\/smarttrader.community\/wp-content\/uploads\/2023\/03\/RobertRoundedInsta.png 491w, https:\/\/smarttrader.community\/wp-content\/uploads\/2023\/03\/RobertRoundedInsta-300x300.png 300w, https:\/\/smarttrader.community\/wp-content\/uploads\/2023\/03\/RobertRoundedInsta-150x150.png 150w, https:\/\/smarttrader.community\/wp-content\/uploads\/2023\/03\/RobertRoundedInsta-110x110.png 110w\" sizes=\"auto, (max-width: 246px) 100vw, 246px\" \/><\/figure>\n<\/div><\/div>\n<\/div>\n\n<p><\/p>\n\n<p><\/p>\n\n<p>Aus diesem Grund habe ich SmartTrader Anfang 2018 ins Leben gerufen, denn in der Welt, in der ich mich befand, fehlte es nie an Geld, sondern an Menschlichkeit. Ich hatte nur mit Menschen und Unternehmen zu tun, die nur eines im Sinn hatten: so viel Geld wie m\u00f6glich und so schnell wie m\u00f6glich anzuh\u00e4ufen. <\/p>\n\n<p>Und das ist vielleicht mein Segen und Fluch zugleich, denn genau darin bin ich gut. Tats\u00e4chlich habe ich immer zu den absoluten Spitzenkr\u00e4ften geh\u00f6rt oder sogar neue Ma\u00dfst\u00e4be gesetzt, egal in welcher Funktion ich versucht habe, &#8222;mehr&#8220; herauszuholen. Aber sollte sich mein Leben, oder das Leben von irgendjemandem, um die Maximierung der Kapitalrendite drehen? Nein, das kann nicht alles sein &#8211; das ist zumindest die Schlussfolgerung, zu der ich gl\u00fccklicherweise irgendwann in meinem Leben gekommen bin.<\/p>\n\n<p>Bei SmartTrader geht es in erster Linie um Menschen &#8211; um Sie. \u00dcber uns. \u00dcber alles um uns herum. <strong>Und ganz gleich, wie erfolgreich ich bei dem bin, was ich tue, letztlich bin ich einer von euch, nicht mehr und nicht weniger. <\/strong>Die Arbeit mit meinen Studenten oder der SmartTrader-Community macht mir gro\u00dfe Freude und hat mir geholfen, den Boden unter den F\u00fc\u00dfen zu behalten. Daf\u00fcr bin ich sehr dankbar.<\/p>\n\n<p>Die Investmentwelt ist oft eine einzige Jagd nach MEHR, MEHR, MEHR (Renditen, Gewinne, Geld, Verm\u00f6gen, Reichtum), und ja, man verliert sich oft sehr schnell darin. Bei <a href=\"https:\/\/smarttrader.community\/de\">SmartTrader,<\/a> wir bleiben immer menschlich und geben dem Ganzen eine echte Bedeutung; Wir wollen niemanden mehr ausschlie\u00dfen, wir wollen keine kleine Elite sein, wir wollen, dass alle mit uns an einem Tisch sitzen k\u00f6nnen, wir sind eine Gemeinschaft, wir sind eine Familie. <strong>Gemeinsam sind wir st\u00e4rker!<\/strong><\/p>\n\n<p>In den letzten Jahren haben Tausende von Menschen gelernt, wie die M\u00e4rkte funktionieren und wie man mit dem SmartTrader handelt. Viele von ihnen, viele von Ihnen, sind heute erfolgreiche H\u00e4ndler. Ich bin stolz darauf und auf alle, die es bis hierher geschafft haben oder sich entschlossen haben, diese Reise mit uns anzutreten.<\/p>\n\n<p>Und die Reise geht weiter, weiter und weiter&#8230;<br\/>Ihr Robert Lindner<\/p>\n","protected":false},"excerpt":{"rendered":"<p>Das Wichtigste zuerst: SmartTrader dreht sich nicht um mich, sondern um SIE. Sie sind die Gemeinschaft und gemeinsam k\u00f6nnen wir&#8230;<\/p>\n","protected":false},"author":1,"featured_media":0,"parent":0,"menu_order":0,"comment_status":"closed","ping_status":"closed","template":"","meta":{"content-type":"","pmpro_default_level":"","_daextam_enable_autolinks":"","footnotes":""},"class_list":{"0":"post-13808","1":"page","2":"type-page","3":"status-publish","5":"pmpro-has-access"},"yoast_head":"<!-- This site is optimized with the Yoast SEO plugin v26.8 - https:\/\/yoast.com\/product\/yoast-seo-wordpress\/ -->\n<title>\u00dcber Robert Lindner - SmartTrader<\/title>\n<meta name=\"description\" content=\"Ein paar kurze Worte zu meiner Person: Ich bin Robert Lindner Ich handle seit mehr als 18 Jahren, anfangs haupts\u00e4chlich mit Aktien, heute mit allen Anlageklassen. Seit mehr als 14 Jahren, auch w\u00e4hrend meines Studiums, habe ich in verschiedenen Positionen im Finanzsektor und in der Unternehmensberatung gearbeitet.\" \/>\n<meta name=\"robots\" content=\"index, follow, max-snippet:-1, max-image-preview:large, max-video-preview:-1\" \/>\n<link rel=\"canonical\" href=\"https:\/\/smarttrader.community\/de\/ueber-robert-lindner\/\" \/>\n<meta property=\"og:locale\" content=\"de_DE\" \/>\n<meta property=\"og:type\" content=\"article\" \/>\n<meta property=\"og:title\" content=\"\u00dcber Robert Lindner - SmartTrader\" \/>\n<meta property=\"og:description\" content=\"Ein paar kurze Worte zu meiner Person: Ich bin Robert Lindner Ich handle seit mehr als 18 Jahren, anfangs haupts\u00e4chlich mit Aktien, heute mit allen Anlageklassen. Seit mehr als 14 Jahren, auch w\u00e4hrend meines Studiums, habe ich in verschiedenen Positionen im Finanzsektor und in der Unternehmensberatung gearbeitet.\" \/>\n<meta property=\"og:url\" content=\"https:\/\/smarttrader.community\/de\/ueber-robert-lindner\/\" \/>\n<meta property=\"og:site_name\" content=\"SmartTrader\" \/>\n<meta property=\"article:modified_time\" content=\"2023-05-27T10:37:56+00:00\" \/>\n<meta property=\"og:image\" content=\"https:\/\/smarttrader.community\/wp-content\/uploads\/2023\/03\/RobertRoundedInsta.png\" \/>\n<meta name=\"twitter:card\" content=\"summary_large_image\" \/>\n<meta name=\"twitter:label1\" content=\"Gesch\u00e4tzte Lesezeit\" \/>\n\t<meta name=\"twitter:data1\" content=\"2\u00a0Minuten\" \/>\n<script type=\"application\/ld+json\" class=\"yoast-schema-graph\">{\"@context\":\"https:\/\/schema.org\",\"@graph\":[{\"@type\":\"WebPage\",\"@id\":\"https:\/\/smarttrader.community\/de\/ueber-robert-lindner\/\",\"url\":\"https:\/\/smarttrader.community\/de\/ueber-robert-lindner\/\",\"name\":\"\u00dcber Robert Lindner - SmartTrader\",\"isPartOf\":{\"@id\":\"https:\/\/smarttrader.community\/de\/#website\"},\"primaryImageOfPage\":{\"@id\":\"https:\/\/smarttrader.community\/de\/ueber-robert-lindner\/#primaryimage\"},\"image\":{\"@id\":\"https:\/\/smarttrader.community\/de\/ueber-robert-lindner\/#primaryimage\"},\"thumbnailUrl\":\"https:\/\/smarttrader.community\/wp-content\/uploads\/2023\/03\/RobertRoundedInsta.png\",\"datePublished\":\"2023-03-15T10:13:38+00:00\",\"dateModified\":\"2023-05-27T10:37:56+00:00\",\"description\":\"Ein paar kurze Worte zu meiner Person: Ich bin Robert Lindner Ich handle seit mehr als 18 Jahren, anfangs haupts\u00e4chlich mit Aktien, heute mit allen Anlageklassen. Seit mehr als 14 Jahren, auch w\u00e4hrend meines Studiums, habe ich in verschiedenen Positionen im Finanzsektor und in der Unternehmensberatung gearbeitet.\",\"breadcrumb\":{\"@id\":\"https:\/\/smarttrader.community\/de\/ueber-robert-lindner\/#breadcrumb\"},\"inLanguage\":\"de\",\"potentialAction\":[{\"@type\":\"ReadAction\",\"target\":[\"https:\/\/smarttrader.community\/de\/ueber-robert-lindner\/\"]}]},{\"@type\":\"ImageObject\",\"inLanguage\":\"de\",\"@id\":\"https:\/\/smarttrader.community\/de\/ueber-robert-lindner\/#primaryimage\",\"url\":\"https:\/\/smarttrader.community\/wp-content\/uploads\/2023\/03\/RobertRoundedInsta.png\",\"contentUrl\":\"https:\/\/smarttrader.community\/wp-content\/uploads\/2023\/03\/RobertRoundedInsta.png\"},{\"@type\":\"BreadcrumbList\",\"@id\":\"https:\/\/smarttrader.community\/de\/ueber-robert-lindner\/#breadcrumb\",\"itemListElement\":[{\"@type\":\"ListItem\",\"position\":1,\"name\":\"Home\",\"item\":\"https:\/\/smarttrader.community\/de\/\"},{\"@type\":\"ListItem\",\"position\":2,\"name\":\"\u00dcber Robert Lindner\"}]},{\"@type\":\"WebSite\",\"@id\":\"https:\/\/smarttrader.community\/de\/#website\",\"url\":\"https:\/\/smarttrader.community\/de\/\",\"name\":\"SmartTrader\",\"description\":\"\",\"potentialAction\":[{\"@type\":\"SearchAction\",\"target\":{\"@type\":\"EntryPoint\",\"urlTemplate\":\"https:\/\/smarttrader.community\/de\/?s={search_term_string}\"},\"query-input\":{\"@type\":\"PropertyValueSpecification\",\"valueRequired\":true,\"valueName\":\"search_term_string\"}}],\"inLanguage\":\"de\"}]}<\/script>\n<!-- \/ Yoast SEO plugin. -->","yoast_head_json":{"title":"\u00dcber Robert Lindner - SmartTrader","description":"Ein paar kurze Worte zu meiner Person: Ich bin Robert Lindner Ich handle seit mehr als 18 Jahren, anfangs haupts\u00e4chlich mit Aktien, heute mit allen Anlageklassen. Seit mehr als 14 Jahren, auch w\u00e4hrend meines Studiums, habe ich in verschiedenen Positionen im Finanzsektor und in der Unternehmensberatung gearbeitet.","robots":{"index":"index","follow":"follow","max-snippet":"max-snippet:-1","max-image-preview":"max-image-preview:large","max-video-preview":"max-video-preview:-1"},"canonical":"https:\/\/smarttrader.community\/de\/ueber-robert-lindner\/","og_locale":"de_DE","og_type":"article","og_title":"\u00dcber Robert Lindner - SmartTrader","og_description":"Ein paar kurze Worte zu meiner Person: Ich bin Robert Lindner Ich handle seit mehr als 18 Jahren, anfangs haupts\u00e4chlich mit Aktien, heute mit allen Anlageklassen. Seit mehr als 14 Jahren, auch w\u00e4hrend meines Studiums, habe ich in verschiedenen Positionen im Finanzsektor und in der Unternehmensberatung gearbeitet.","og_url":"https:\/\/smarttrader.community\/de\/ueber-robert-lindner\/","og_site_name":"SmartTrader","article_modified_time":"2023-05-27T10:37:56+00:00","og_image":[{"url":"https:\/\/smarttrader.community\/wp-content\/uploads\/2023\/03\/RobertRoundedInsta.png","type":"","width":"","height":""}],"twitter_card":"summary_large_image","twitter_misc":{"Gesch\u00e4tzte Lesezeit":"2\u00a0Minuten"},"schema":{"@context":"https:\/\/schema.org","@graph":[{"@type":"WebPage","@id":"https:\/\/smarttrader.community\/de\/ueber-robert-lindner\/","url":"https:\/\/smarttrader.community\/de\/ueber-robert-lindner\/","name":"\u00dcber Robert Lindner - SmartTrader","isPartOf":{"@id":"https:\/\/smarttrader.community\/de\/#website"},"primaryImageOfPage":{"@id":"https:\/\/smarttrader.community\/de\/ueber-robert-lindner\/#primaryimage"},"image":{"@id":"https:\/\/smarttrader.community\/de\/ueber-robert-lindner\/#primaryimage"},"thumbnailUrl":"https:\/\/smarttrader.community\/wp-content\/uploads\/2023\/03\/RobertRoundedInsta.png","datePublished":"2023-03-15T10:13:38+00:00","dateModified":"2023-05-27T10:37:56+00:00","description":"Ein paar kurze Worte zu meiner Person: Ich bin Robert Lindner Ich handle seit mehr als 18 Jahren, anfangs haupts\u00e4chlich mit Aktien, heute mit allen Anlageklassen. Seit mehr als 14 Jahren, auch w\u00e4hrend meines Studiums, habe ich in verschiedenen Positionen im Finanzsektor und in der Unternehmensberatung gearbeitet.","breadcrumb":{"@id":"https:\/\/smarttrader.community\/de\/ueber-robert-lindner\/#breadcrumb"},"inLanguage":"de","potentialAction":[{"@type":"ReadAction","target":["https:\/\/smarttrader.community\/de\/ueber-robert-lindner\/"]}]},{"@type":"ImageObject","inLanguage":"de","@id":"https:\/\/smarttrader.community\/de\/ueber-robert-lindner\/#primaryimage","url":"https:\/\/smarttrader.community\/wp-content\/uploads\/2023\/03\/RobertRoundedInsta.png","contentUrl":"https:\/\/smarttrader.community\/wp-content\/uploads\/2023\/03\/RobertRoundedInsta.png"},{"@type":"BreadcrumbList","@id":"https:\/\/smarttrader.community\/de\/ueber-robert-lindner\/#breadcrumb","itemListElement":[{"@type":"ListItem","position":1,"name":"Home","item":"https:\/\/smarttrader.community\/de\/"},{"@type":"ListItem","position":2,"name":"\u00dcber Robert Lindner"}]},{"@type":"WebSite","@id":"https:\/\/smarttrader.community\/de\/#website","url":"https:\/\/smarttrader.community\/de\/","name":"SmartTrader","description":"","potentialAction":[{"@type":"SearchAction","target":{"@type":"EntryPoint","urlTemplate":"https:\/\/smarttrader.community\/de\/?s={search_term_string}"},"query-input":{"@type":"PropertyValueSpecification","valueRequired":true,"valueName":"search_term_string"}}],"inLanguage":"de"}]}},"_links":{"self":[{"href":"https:\/\/smarttrader.community\/de\/wp-json\/wp\/v2\/pages\/13808","targetHints":{"allow":["GET"]}}],"collection":[{"href":"https:\/\/smarttrader.community\/de\/wp-json\/wp\/v2\/pages"}],"about":[{"href":"https:\/\/smarttrader.community\/de\/wp-json\/wp\/v2\/types\/page"}],"author":[{"embeddable":true,"href":"https:\/\/smarttrader.community\/de\/wp-json\/wp\/v2\/users\/1"}],"replies":[{"embeddable":true,"href":"https:\/\/smarttrader.community\/de\/wp-json\/wp\/v2\/comments?post=13808"}],"version-history":[{"count":0,"href":"https:\/\/smarttrader.community\/de\/wp-json\/wp\/v2\/pages\/13808\/revisions"}],"wp:attachment":[{"href":"https:\/\/smarttrader.community\/de\/wp-json\/wp\/v2\/media?parent=13808"}],"curies":[{"name":"wp","href":"https:\/\/api.w.org\/{rel}","templated":true}]}}