{"id":19164,"date":"2023-06-29T10:18:09","date_gmt":"2023-06-29T10:18:09","guid":{"rendered":"https:\/\/smarttrader.community\/?page_id=19164"},"modified":"2024-11-20T16:38:34","modified_gmt":"2024-11-20T16:38:34","slug":"refer-a-friend-statistics-1st","status":"publish","type":"page","link":"https:\/\/smarttrader.community\/de\/refer-a-friend-statistics-1st\/","title":{"rendered":"ReferEmpfehlen Sie einen Freund \u2013 Statistiken"},"content":{"rendered":"\t\t<div data-elementor-type=\"wp-page\" data-elementor-id=\"19164\" class=\"elementor elementor-19164 elementor-16902\">\n\t\t\t\t\t\t<section class=\"elementor-section elementor-top-section elementor-element elementor-element-13ef76f elementor-section-boxed elementor-section-height-default elementor-section-height-default\" data-id=\"13ef76f\" data-element_type=\"section\">\n\t\t\t\t\t\t<div class=\"elementor-container elementor-column-gap-default\">\n\t\t\t\t\t<div class=\"elementor-column elementor-col-100 elementor-top-column elementor-element elementor-element-527d736\" data-id=\"527d736\" data-element_type=\"column\">\n\t\t\t<div class=\"elementor-widget-wrap elementor-element-populated\">\n\t\t\t\t\t\t<div class=\"elementor-element elementor-element-221352c elementor-widget elementor-widget-heading\" data-id=\"221352c\" data-element_type=\"widget\" data-widget_type=\"heading.default\">\n\t\t\t\t<div class=\"elementor-widget-container\">\n\t\t\t\t\t<h2 class=\"elementor-heading-title elementor-size-xxl\"><span class=\"font-face-neutra-display-yellow\">Stronger Together<\/span><\/h2>\t\t\t\t<\/div>\n\t\t\t\t<\/div>\n\t\t\t\t\t<\/div>\n\t\t<\/div>\n\t\t\t\t\t<\/div>\n\t\t<\/section>\n\t\t\t\t<section class=\"elementor-section elementor-top-section elementor-element elementor-element-7a9df20 elementor-section-boxed elementor-section-height-default elementor-section-height-default\" data-id=\"7a9df20\" data-element_type=\"section\">\n\t\t\t\t\t\t<div class=\"elementor-container elementor-column-gap-default\">\n\t\t\t\t\t<div class=\"elementor-column elementor-col-100 elementor-top-column elementor-element elementor-element-c3cfbeb\" data-id=\"c3cfbeb\" data-element_type=\"column\">\n\t\t\t<div class=\"elementor-widget-wrap elementor-element-populated\">\n\t\t\t\t\t\t<div class=\"elementor-element elementor-element-9a0fa44 elementor-widget elementor-widget-heading\" data-id=\"9a0fa44\" data-element_type=\"widget\" data-widget_type=\"heading.default\">\n\t\t\t\t<div class=\"elementor-widget-container\">\n\t\t\t\t\t<h1 class=\"elementor-heading-title elementor-size-default\">Dein Pers\u00f6nlicher Progress-Tracker<\/h1>\t\t\t\t<\/div>\n\t\t\t\t<\/div>\n\t\t\t\t\t<\/div>\n\t\t<\/div>\n\t\t\t\t\t<\/div>\n\t\t<\/section>\n\t\t\t\t<section class=\"elementor-section elementor-top-section elementor-element elementor-element-dd4c7a9 elementor-section-boxed elementor-section-height-default elementor-section-height-default\" data-id=\"dd4c7a9\" data-element_type=\"section\">\n\t\t\t\t\t\t<div class=\"elementor-container elementor-column-gap-default\">\n\t\t\t\t\t<div class=\"elementor-column elementor-col-100 elementor-top-column elementor-element elementor-element-630870e\" data-id=\"630870e\" data-element_type=\"column\">\n\t\t\t<div class=\"elementor-widget-wrap elementor-element-populated\">\n\t\t\t\t\t\t<div class=\"elementor-element elementor-element-24d9533 elementor-widget elementor-widget-text-editor\" data-id=\"24d9533\" data-element_type=\"widget\" data-widget_type=\"text-editor.default\">\n\t\t\t\t<div class=\"elementor-widget-container\">\n\t\t\t\t\t\t\t\t\t\n\n\n<div class=\"refferer-prog-field-background-login\">\n<div class=\"refferer-prog-field-margin\">\n<div class=\"refferer-prog-field-width\">\n<h2>Willkommen bei deinem pers\u00f6nlichen Stronger Together Progress-Tracker. Erhalte einen umfassenden \u00dcberblick \u00fcber deine Empfehlungen, erreichte Meilensteine und bevorstehenden Rewards. Jede Empfehlung, die du machst, bringt dich exklusiven Rewards n\u00e4her und gew\u00e4hrt sowohl dir als auch deinem Freund einen KOSTENLOSEN Monat VIP-ZUGANG.<\/h2>\n<\/div>\n<\/div>\n<div class=\"statistic-log_in\"><a class=\"login-toggle is-login header-element\" style=\"pointer-events: auto;\" href=\"https:\/\/smarttrader.community\/login-2?redirect_to=https%3A%2F%2Fsmarttrader.community%2Frefer-a-friend-statistic\" data-title=\"Sign In\">\nLoggen Sie sich ein, um Ihre Statistik zu sehen\n<\/a><\/div>\n<div class=\"refferer-prog-parent-div-pic\"><a class=\"login-toggle is-login header-element\" style=\"pointer-events: auto;\" href=\"https:\/\/smarttrader.community\/wp-content\/uploads\/2023\/07\/Smear-statistic-1.png\" data-title=\"Sign In\">\n<img loading=\"lazy\" loading=\"lazy\" decoding=\"async\" src=\"https:\/\/smarttrader.community\/wp-content\/uploads\/2023\/07\/Smear-statistic-1.png\" alt=\"Please log in\" width=\"940\" height=\"500\" \/><\/a><\/div>\n<\/div>\n\t\t\t\t\t\t\t\t<\/div>\n\t\t\t\t<\/div>\n\t\t\t\t\t<\/div>\n\t\t<\/div>\n\t\t\t\t\t<\/div>\n\t\t<\/section>\n\t\t\t\t<section class=\"elementor-section elementor-top-section elementor-element elementor-element-47c1a85 elementor-section-boxed elementor-section-height-default elementor-section-height-default\" data-id=\"47c1a85\" data-element_type=\"section\">\n\t\t\t\t\t\t<div class=\"elementor-container elementor-column-gap-default\">\n\t\t\t\t\t<div class=\"elementor-column elementor-col-100 elementor-top-column elementor-element elementor-element-afbe524\" data-id=\"afbe524\" data-element_type=\"column\">\n\t\t\t<div class=\"elementor-widget-wrap elementor-element-populated\">\n\t\t\t\t\t\t<div class=\"elementor-element elementor-element-e9a97a0 elementor-widget elementor-widget-heading\" data-id=\"e9a97a0\" data-element_type=\"widget\" data-widget_type=\"heading.default\">\n\t\t\t\t<div class=\"elementor-widget-container\">\n\t\t\t\t\t<h3 class=\"elementor-heading-title elementor-size-default\">Um alle Meilensteine und die entsprechenden Belohnungen zu erkunden, klicke unten:\n<\/h3>\t\t\t\t<\/div>\n\t\t\t\t<\/div>\n\t\t\t\t\t<\/div>\n\t\t<\/div>\n\t\t\t\t\t<\/div>\n\t\t<\/section>\n\t\t\t\t<section class=\"elementor-section elementor-top-section elementor-element elementor-element-7d22b60 elementor-section-boxed elementor-section-height-default elementor-section-height-default\" data-id=\"7d22b60\" data-element_type=\"section\">\n\t\t\t\t\t\t<div class=\"elementor-container elementor-column-gap-default\">\n\t\t\t\t\t<div class=\"elementor-column elementor-col-100 elementor-top-column elementor-element elementor-element-5f0d1db\" data-id=\"5f0d1db\" data-element_type=\"column\">\n\t\t\t<div class=\"elementor-widget-wrap elementor-element-populated\">\n\t\t\t\t\t\t<div class=\"elementor-element elementor-element-6d0be9f elementor-align-center elementor-widget elementor-widget-button\" data-id=\"6d0be9f\" data-element_type=\"widget\" data-widget_type=\"button.default\">\n\t\t\t\t<div class=\"elementor-widget-container\">\n\t\t\t\t\t\t\t\t\t<div class=\"elementor-button-wrapper\">\n\t\t\t\t\t<a class=\"elementor-button elementor-button-link elementor-size-sm\" href=\"https:\/\/smarttrader.community\/stronger-together-rewards\">\n\t\t\t\t\t\t<span class=\"elementor-button-content-wrapper\">\n\t\t\t\t\t\t\t\t\t<span class=\"elementor-button-text\">Alle Meilensteine & Rewards sehen<\/span>\n\t\t\t\t\t<\/span>\n\t\t\t\t\t<\/a>\n\t\t\t\t<\/div>\n\t\t\t\t\t\t\t\t<\/div>\n\t\t\t\t<\/div>\n\t\t\t\t\t<\/div>\n\t\t<\/div>\n\t\t\t\t\t<\/div>\n\t\t<\/section>\n\t\t\t\t<section class=\"elementor-section elementor-top-section elementor-element elementor-element-5ebce99 elementor-section-boxed elementor-section-height-default elementor-section-height-default\" data-id=\"5ebce99\" data-element_type=\"section\">\n\t\t\t\t\t\t<div class=\"elementor-container elementor-column-gap-default\">\n\t\t\t\t\t<div class=\"elementor-column elementor-col-100 elementor-top-column elementor-element elementor-element-1476e55\" data-id=\"1476e55\" data-element_type=\"column\">\n\t\t\t<div class=\"elementor-widget-wrap elementor-element-populated\">\n\t\t\t\t\t\t<div class=\"elementor-element elementor-element-e3e00b5 elementor-widget elementor-widget-spacer\" data-id=\"e3e00b5\" data-element_type=\"widget\" data-widget_type=\"spacer.default\">\n\t\t\t\t<div class=\"elementor-widget-container\">\n\t\t\t\t\t\t\t<div class=\"elementor-spacer\">\n\t\t\t<div class=\"elementor-spacer-inner\"><\/div>\n\t\t<\/div>\n\t\t\t\t\t\t<\/div>\n\t\t\t\t<\/div>\n\t\t\t\t\t<\/div>\n\t\t<\/div>\n\t\t\t\t\t<\/div>\n\t\t<\/section>\n\t\t\t\t<\/div>\n\t\t","protected":false},"excerpt":{"rendered":"<p>Stronger Together Dein Pers\u00f6nlicher Progress-Tracker Um alle Meilensteine und die entsprechenden Belohnungen zu erkunden, klicke unten: Alle Meilensteine &#038; Rewards&#8230;<\/p>\n","protected":false},"author":1,"featured_media":0,"parent":0,"menu_order":0,"comment_status":"closed","ping_status":"closed","template":"","meta":{"content-type":"","pmpro_default_level":"0","_daextam_enable_autolinks":"1","footnotes":""},"class_list":{"0":"post-19164","1":"page","2":"type-page","3":"status-publish","5":"pmpro-has-access"},"yoast_head":"<!-- This site is optimized with the Yoast SEO plugin v26.8 - https:\/\/yoast.com\/product\/yoast-seo-wordpress\/ -->\n<title>ReferEmpfehlen Sie einen Freund \u2013 Statistiken - SmartTrader<\/title>\n<meta name=\"description\" content=\"Empfehlen Sie einen Freund \u2013 Statistiken. Willkommen bei Ihrem pers\u00f6nlichen Stronger Together-Fortschrittstracker. Verschaffen...\" \/>\n<meta name=\"robots\" content=\"index, follow, max-snippet:-1, max-image-preview:large, max-video-preview:-1\" \/>\n<link rel=\"canonical\" href=\"https:\/\/smarttrader.community\/de\/refer-a-friend-statistics-1st\/\" \/>\n<meta property=\"og:locale\" content=\"de_DE\" \/>\n<meta property=\"og:type\" content=\"article\" \/>\n<meta property=\"og:title\" content=\"ReferEmpfehlen Sie einen Freund \u2013 Statistiken - SmartTrader\" \/>\n<meta property=\"og:description\" content=\"Empfehlen Sie einen Freund \u2013 Statistiken. Willkommen bei Ihrem pers\u00f6nlichen Stronger Together-Fortschrittstracker. Verschaffen...\" \/>\n<meta property=\"og:url\" content=\"https:\/\/smarttrader.community\/de\/refer-a-friend-statistics-1st\/\" \/>\n<meta property=\"og:site_name\" content=\"SmartTrader\" \/>\n<meta property=\"article:modified_time\" content=\"2024-11-20T16:38:34+00:00\" \/>\n<meta property=\"og:image\" content=\"https:\/\/smarttrader.community\/wp-content\/uploads\/2023\/07\/Smear-statistic-1.png\" \/>\n<meta name=\"twitter:card\" content=\"summary_large_image\" \/>\n<meta name=\"twitter:label1\" content=\"Gesch\u00e4tzte Lesezeit\" \/>\n\t<meta name=\"twitter:data1\" content=\"1\u00a0Minute\" \/>\n<script type=\"application\/ld+json\" class=\"yoast-schema-graph\">{\"@context\":\"https:\/\/schema.org\",\"@graph\":[{\"@type\":\"WebPage\",\"@id\":\"https:\/\/smarttrader.community\/de\/refer-a-friend-statistics-1st\/\",\"url\":\"https:\/\/smarttrader.community\/de\/refer-a-friend-statistics-1st\/\",\"name\":\"ReferEmpfehlen Sie einen Freund \u2013 Statistiken - SmartTrader\",\"isPartOf\":{\"@id\":\"https:\/\/smarttrader.community\/de\/#website\"},\"primaryImageOfPage\":{\"@id\":\"https:\/\/smarttrader.community\/de\/refer-a-friend-statistics-1st\/#primaryimage\"},\"image\":{\"@id\":\"https:\/\/smarttrader.community\/de\/refer-a-friend-statistics-1st\/#primaryimage\"},\"thumbnailUrl\":\"https:\/\/smarttrader.community\/wp-content\/uploads\/2023\/07\/Smear-statistic-1.png\",\"datePublished\":\"2023-06-29T10:18:09+00:00\",\"dateModified\":\"2024-11-20T16:38:34+00:00\",\"description\":\"Empfehlen Sie einen Freund \u2013 Statistiken. Willkommen bei Ihrem pers\u00f6nlichen Stronger Together-Fortschrittstracker. Verschaffen...\",\"breadcrumb\":{\"@id\":\"https:\/\/smarttrader.community\/de\/refer-a-friend-statistics-1st\/#breadcrumb\"},\"inLanguage\":\"de\",\"potentialAction\":[{\"@type\":\"ReadAction\",\"target\":[\"https:\/\/smarttrader.community\/de\/refer-a-friend-statistics-1st\/\"]}]},{\"@type\":\"ImageObject\",\"inLanguage\":\"de\",\"@id\":\"https:\/\/smarttrader.community\/de\/refer-a-friend-statistics-1st\/#primaryimage\",\"url\":\"https:\/\/smarttrader.community\/wp-content\/uploads\/2023\/07\/Smear-statistic-1.png\",\"contentUrl\":\"https:\/\/smarttrader.community\/wp-content\/uploads\/2023\/07\/Smear-statistic-1.png\"},{\"@type\":\"BreadcrumbList\",\"@id\":\"https:\/\/smarttrader.community\/de\/refer-a-friend-statistics-1st\/#breadcrumb\",\"itemListElement\":[{\"@type\":\"ListItem\",\"position\":1,\"name\":\"Home\",\"item\":\"https:\/\/smarttrader.community\/de\/\"},{\"@type\":\"ListItem\",\"position\":2,\"name\":\"ReferEmpfehlen Sie einen Freund \u2013 Statistiken\"}]},{\"@type\":\"WebSite\",\"@id\":\"https:\/\/smarttrader.community\/de\/#website\",\"url\":\"https:\/\/smarttrader.community\/de\/\",\"name\":\"SmartTrader\",\"description\":\"\",\"potentialAction\":[{\"@type\":\"SearchAction\",\"target\":{\"@type\":\"EntryPoint\",\"urlTemplate\":\"https:\/\/smarttrader.community\/de\/?s={search_term_string}\"},\"query-input\":{\"@type\":\"PropertyValueSpecification\",\"valueRequired\":true,\"valueName\":\"search_term_string\"}}],\"inLanguage\":\"de\"}]}<\/script>\n<!-- \/ Yoast SEO plugin. -->","yoast_head_json":{"title":"ReferEmpfehlen Sie einen Freund \u2013 Statistiken - SmartTrader","description":"Empfehlen Sie einen Freund \u2013 Statistiken. Willkommen bei Ihrem pers\u00f6nlichen Stronger Together-Fortschrittstracker. Verschaffen...","robots":{"index":"index","follow":"follow","max-snippet":"max-snippet:-1","max-image-preview":"max-image-preview:large","max-video-preview":"max-video-preview:-1"},"canonical":"https:\/\/smarttrader.community\/de\/refer-a-friend-statistics-1st\/","og_locale":"de_DE","og_type":"article","og_title":"ReferEmpfehlen Sie einen Freund \u2013 Statistiken - SmartTrader","og_description":"Empfehlen Sie einen Freund \u2013 Statistiken. Willkommen bei Ihrem pers\u00f6nlichen Stronger Together-Fortschrittstracker. Verschaffen...","og_url":"https:\/\/smarttrader.community\/de\/refer-a-friend-statistics-1st\/","og_site_name":"SmartTrader","article_modified_time":"2024-11-20T16:38:34+00:00","og_image":[{"url":"https:\/\/smarttrader.community\/wp-content\/uploads\/2023\/07\/Smear-statistic-1.png","type":"","width":"","height":""}],"twitter_card":"summary_large_image","twitter_misc":{"Gesch\u00e4tzte Lesezeit":"1\u00a0Minute"},"schema":{"@context":"https:\/\/schema.org","@graph":[{"@type":"WebPage","@id":"https:\/\/smarttrader.community\/de\/refer-a-friend-statistics-1st\/","url":"https:\/\/smarttrader.community\/de\/refer-a-friend-statistics-1st\/","name":"ReferEmpfehlen Sie einen Freund \u2013 Statistiken - SmartTrader","isPartOf":{"@id":"https:\/\/smarttrader.community\/de\/#website"},"primaryImageOfPage":{"@id":"https:\/\/smarttrader.community\/de\/refer-a-friend-statistics-1st\/#primaryimage"},"image":{"@id":"https:\/\/smarttrader.community\/de\/refer-a-friend-statistics-1st\/#primaryimage"},"thumbnailUrl":"https:\/\/smarttrader.community\/wp-content\/uploads\/2023\/07\/Smear-statistic-1.png","datePublished":"2023-06-29T10:18:09+00:00","dateModified":"2024-11-20T16:38:34+00:00","description":"Empfehlen Sie einen Freund \u2013 Statistiken. Willkommen bei Ihrem pers\u00f6nlichen Stronger Together-Fortschrittstracker. Verschaffen...","breadcrumb":{"@id":"https:\/\/smarttrader.community\/de\/refer-a-friend-statistics-1st\/#breadcrumb"},"inLanguage":"de","potentialAction":[{"@type":"ReadAction","target":["https:\/\/smarttrader.community\/de\/refer-a-friend-statistics-1st\/"]}]},{"@type":"ImageObject","inLanguage":"de","@id":"https:\/\/smarttrader.community\/de\/refer-a-friend-statistics-1st\/#primaryimage","url":"https:\/\/smarttrader.community\/wp-content\/uploads\/2023\/07\/Smear-statistic-1.png","contentUrl":"https:\/\/smarttrader.community\/wp-content\/uploads\/2023\/07\/Smear-statistic-1.png"},{"@type":"BreadcrumbList","@id":"https:\/\/smarttrader.community\/de\/refer-a-friend-statistics-1st\/#breadcrumb","itemListElement":[{"@type":"ListItem","position":1,"name":"Home","item":"https:\/\/smarttrader.community\/de\/"},{"@type":"ListItem","position":2,"name":"ReferEmpfehlen Sie einen Freund \u2013 Statistiken"}]},{"@type":"WebSite","@id":"https:\/\/smarttrader.community\/de\/#website","url":"https:\/\/smarttrader.community\/de\/","name":"SmartTrader","description":"","potentialAction":[{"@type":"SearchAction","target":{"@type":"EntryPoint","urlTemplate":"https:\/\/smarttrader.community\/de\/?s={search_term_string}"},"query-input":{"@type":"PropertyValueSpecification","valueRequired":true,"valueName":"search_term_string"}}],"inLanguage":"de"}]}},"_links":{"self":[{"href":"https:\/\/smarttrader.community\/de\/wp-json\/wp\/v2\/pages\/19164","targetHints":{"allow":["GET"]}}],"collection":[{"href":"https:\/\/smarttrader.community\/de\/wp-json\/wp\/v2\/pages"}],"about":[{"href":"https:\/\/smarttrader.community\/de\/wp-json\/wp\/v2\/types\/page"}],"author":[{"embeddable":true,"href":"https:\/\/smarttrader.community\/de\/wp-json\/wp\/v2\/users\/1"}],"replies":[{"embeddable":true,"href":"https:\/\/smarttrader.community\/de\/wp-json\/wp\/v2\/comments?post=19164"}],"version-history":[{"count":0,"href":"https:\/\/smarttrader.community\/de\/wp-json\/wp\/v2\/pages\/19164\/revisions"}],"wp:attachment":[{"href":"https:\/\/smarttrader.community\/de\/wp-json\/wp\/v2\/media?parent=19164"}],"curies":[{"name":"wp","href":"https:\/\/api.w.org\/{rel}","templated":true}]}}