{"id":7197,"date":"2022-03-19T08:26:54","date_gmt":"2022-03-19T08:26:54","guid":{"rendered":"https:\/\/smarttrader.community\/?page_id=7197"},"modified":"2024-12-11T14:57:40","modified_gmt":"2024-12-11T14:57:40","slug":"uber-das-unternehmen","status":"publish","type":"page","link":"https:\/\/smarttrader.community\/de\/uber-das-unternehmen\/","title":{"rendered":""},"content":{"rendered":"\n<div class=\"wp-block-columns is-layout-flex wp-container-core-columns-is-layout-9d6595d7 wp-block-columns-is-layout-flex\">\n<div class=\"wp-block-column is-layout-flow wp-block-column-is-layout-flow\" style=\"flex-basis:33.33%\">\n<figure class=\"wp-block-image size-full is-resized\"><img loading=\"lazy\" loading=\"lazy\" decoding=\"async\" width=\"709\" height=\"628\" src=\"https:\/\/smarttrader.community\/wp-content\/uploads\/2023\/03\/RL-Icon-1.png\" alt=\"\" class=\"wp-image-7813\" style=\"width:268px\" srcset=\"https:\/\/smarttrader.community\/wp-content\/uploads\/2023\/03\/RL-Icon-1.png 709w, https:\/\/smarttrader.community\/wp-content\/uploads\/2023\/03\/RL-Icon-1-300x266.png 300w\" sizes=\"auto, (max-width: 709px) 100vw, 709px\" \/><\/figure>\n<\/div>\n\n\n\n<div class=\"wp-block-column is-layout-flow wp-block-column-is-layout-flow\" style=\"flex-basis:66.66%\">\n<h1>SmartTrader ist eine Gemeinschaft f\u00fcr Trader aller Erfahrungsstufen.<\/h1>\n\n\n\n<p>Der Handel ist alles andere als einfach und vor allem kann man vieles falsch machen und trotzdem das Gef\u00fchl haben, kurzfristig &#8222;erfolgreich&#8220; zu sein, was einem das falsche Gef\u00fchl geben kann, auf dem richtigen Weg zu sein. Mit diesem tr\u00fcgerischen Gef\u00fchl und der M\u00f6glichkeit, die M\u00e4rkte beliebig zu interpretieren, spielen viele sogenannte Experten und versuchen, nutzlose Kurse zu verkaufen oder das gro\u00dfe, schnelle Geld zu versprechen.<\/p>\n\n\n\n<p>Bei SmartTrader ist alles anders.&nbsp;Wir handeln gemeinsam und werden niemals einen Handel eingehen, ohne genau zu wissen, was wir tun und es zu 100% rechtfertigen zu k\u00f6nnen. Es gibt keine &#8222;Geheimstrategie&#8220; oder irgendwelche Indikatoren, die man einfach lernt und dann erfolgreich handelt &#8211; das ist v\u00f6lliger Unsinn!<\/p>\n<\/div>\n<\/div>\n\n\n<p>Ich gebe mein Wissen aus \u00fcber 18 Jahren Handelserfahrung an Sie weiter. Seit mehr als 14 Jahren bin ich in verschiedenen Positionen in der Finanzbranche und Unternehmensberatung t\u00e4tig. Seit 2014\/15 bin ich zunehmend auch als Coach, Trading-Mentor oder sogar Lehrer t\u00e4tig und seit Anfang 2018 mit SmartTrader vor allem weg vom Fokus auf Gro\u00dfanleger und institutionelle Trader, hin zu &#8222;normalen&#8220; Menschen &#8211; wie Sie und ich.4<\/p>\n<p style=\"font-size: 25px;\">Ich mache genau das, was andere nicht tun &#8211; ich erkl\u00e4re das WARUM.<\/p>\n<p>Warum bewegt sich ein Verm\u00f6genswert in eine bestimmte Richtung, warum gibt es eine hohe Volatilit\u00e4t an den M\u00e4rkten und wie kann man am besten von all dem profitieren? Sie werden auch oft feststellen, dass ich eine ganz andere Meinung habe als die, die Sie von &#8222;Experten&#8220; im Wall Street Journal, Bloomberg oder CNBC lesen &#8211; denn die zitieren sich nur gegenseitig oder erkl\u00e4ren, was passiert ist, anstatt zu erkl\u00e4ren, was passieren wird.<\/p>\n<p>Bei SmartTrader lernen Sie alle m\u00f6glichen Aspekte des Handels, in erster Linie die Fundamentalanalyse und wie man Entscheidungen auf der Grundlage von Fundamentaldaten sowie aktuellen und zuk\u00fcnftigen Ereignissen trifft. Es ist mir auch wichtig, dass Sie die Psychologie des Marktes, das Risikomanagement, das Geldmanagement, aber auch Ihre pers\u00f6nlichen Handelsstatistiken, Ihre pers\u00f6nliche Erfolgsbilanz und die Handelssoftware und -werkzeuge verstehen. Wir arbeiten auch an der richtigen Denkweise und Erwartungshaltung, damit Sie in Zukunft nur noch solide, d.h. gut durchdachte, fundierte und nachvollziehbare Entscheidungen treffen werden.<\/p>\n<p>Das alles mag zun\u00e4chst kompliziert klingen &#8211; aber wenn Sie motiviert und geduldig sind und meiner Anleitung folgen, haben Sie alles, was Sie brauchen, um entscheidende Schritte auf dem Weg zum erfolgreichen Trader zu gehen. Viele vor Ihnen sind diesen Weg bereits mit mir und unserer Community gegangen.<\/p>\n<p><span style=\"color: #ffdd67;\">Wir bei SmartTrader haben nur ein Ziel: <strong>Gemeinsam erfolgreich zu sein!<\/strong><\/span><\/p>","protected":false},"excerpt":{"rendered":"<p>SmartTrader ist eine Gemeinschaft f\u00fcr Trader aller Erfahrungsstufen. Der Handel ist alles andere als einfach und vor allem kann man&#8230;<\/p>\n","protected":false},"author":1,"featured_media":0,"parent":0,"menu_order":0,"comment_status":"closed","ping_status":"closed","template":"","meta":{"content-type":"","pmpro_default_level":"0","_daextam_enable_autolinks":"1","footnotes":""},"class_list":{"0":"post-7197","1":"page","2":"type-page","3":"status-publish","5":"pmpro-has-access"},"yoast_head":"<!-- This site is optimized with the Yoast SEO plugin v26.8 - https:\/\/yoast.com\/product\/yoast-seo-wordpress\/ -->\n<title>- SmartTrader<\/title>\n<meta name=\"description\" content=\"Der Handel ist alles andere als einfach und vor allem kann man vieles falsch machen und trotzdem das Gef\u00fchl haben...\" \/>\n<meta name=\"robots\" content=\"index, follow, max-snippet:-1, max-image-preview:large, max-video-preview:-1\" \/>\n<link rel=\"canonical\" href=\"https:\/\/smarttrader.community\/de\/uber-das-unternehmen\/\" \/>\n<meta property=\"og:locale\" content=\"de_DE\" \/>\n<meta property=\"og:type\" content=\"article\" \/>\n<meta property=\"og:title\" content=\"- SmartTrader\" \/>\n<meta property=\"og:description\" content=\"Der Handel ist alles andere als einfach und vor allem kann man vieles falsch machen und trotzdem das Gef\u00fchl haben...\" \/>\n<meta property=\"og:url\" content=\"https:\/\/smarttrader.community\/de\/uber-das-unternehmen\/\" \/>\n<meta property=\"og:site_name\" content=\"SmartTrader\" \/>\n<meta property=\"article:modified_time\" content=\"2024-12-11T14:57:40+00:00\" \/>\n<meta property=\"og:image\" content=\"https:\/\/smarttrader.community\/wp-content\/uploads\/2023\/03\/RL-Icon-1.png\" \/>\n\t<meta property=\"og:image:width\" content=\"709\" \/>\n\t<meta property=\"og:image:height\" content=\"628\" \/>\n\t<meta property=\"og:image:type\" content=\"image\/png\" \/>\n<meta name=\"twitter:card\" content=\"summary_large_image\" \/>\n<meta name=\"twitter:label1\" content=\"Gesch\u00e4tzte Lesezeit\" \/>\n\t<meta name=\"twitter:data1\" content=\"2\u00a0Minuten\" \/>\n<script type=\"application\/ld+json\" class=\"yoast-schema-graph\">{\"@context\":\"https:\/\/schema.org\",\"@graph\":[{\"@type\":\"WebPage\",\"@id\":\"https:\/\/smarttrader.community\/de\/uber-das-unternehmen\/\",\"url\":\"https:\/\/smarttrader.community\/de\/uber-das-unternehmen\/\",\"name\":\"- SmartTrader\",\"isPartOf\":{\"@id\":\"https:\/\/smarttrader.community\/de\/#website\"},\"primaryImageOfPage\":{\"@id\":\"https:\/\/smarttrader.community\/de\/uber-das-unternehmen\/#primaryimage\"},\"image\":{\"@id\":\"https:\/\/smarttrader.community\/de\/uber-das-unternehmen\/#primaryimage\"},\"thumbnailUrl\":\"https:\/\/smarttrader.community\/wp-content\/uploads\/2023\/03\/RL-Icon-1.png\",\"datePublished\":\"2022-03-19T08:26:54+00:00\",\"dateModified\":\"2024-12-11T14:57:40+00:00\",\"description\":\"Der Handel ist alles andere als einfach und vor allem kann man vieles falsch machen und trotzdem das Gef\u00fchl haben...\",\"inLanguage\":\"de\",\"potentialAction\":[{\"@type\":\"ReadAction\",\"target\":[\"https:\/\/smarttrader.community\/de\/uber-das-unternehmen\/\"]}]},{\"@type\":\"ImageObject\",\"inLanguage\":\"de\",\"@id\":\"https:\/\/smarttrader.community\/de\/uber-das-unternehmen\/#primaryimage\",\"url\":\"https:\/\/smarttrader.community\/wp-content\/uploads\/2023\/03\/RL-Icon-1.png\",\"contentUrl\":\"https:\/\/smarttrader.community\/wp-content\/uploads\/2023\/03\/RL-Icon-1.png\"},{\"@type\":\"WebSite\",\"@id\":\"https:\/\/smarttrader.community\/de\/#website\",\"url\":\"https:\/\/smarttrader.community\/de\/\",\"name\":\"SmartTrader\",\"description\":\"\",\"potentialAction\":[{\"@type\":\"SearchAction\",\"target\":{\"@type\":\"EntryPoint\",\"urlTemplate\":\"https:\/\/smarttrader.community\/de\/?s={search_term_string}\"},\"query-input\":{\"@type\":\"PropertyValueSpecification\",\"valueRequired\":true,\"valueName\":\"search_term_string\"}}],\"inLanguage\":\"de\"}]}<\/script>\n<!-- \/ Yoast SEO plugin. -->","yoast_head_json":{"title":"- SmartTrader","description":"Der Handel ist alles andere als einfach und vor allem kann man vieles falsch machen und trotzdem das Gef\u00fchl haben...","robots":{"index":"index","follow":"follow","max-snippet":"max-snippet:-1","max-image-preview":"max-image-preview:large","max-video-preview":"max-video-preview:-1"},"canonical":"https:\/\/smarttrader.community\/de\/uber-das-unternehmen\/","og_locale":"de_DE","og_type":"article","og_title":"- SmartTrader","og_description":"Der Handel ist alles andere als einfach und vor allem kann man vieles falsch machen und trotzdem das Gef\u00fchl haben...","og_url":"https:\/\/smarttrader.community\/de\/uber-das-unternehmen\/","og_site_name":"SmartTrader","article_modified_time":"2024-12-11T14:57:40+00:00","og_image":[{"width":709,"height":628,"url":"https:\/\/smarttrader.community\/wp-content\/uploads\/2023\/03\/RL-Icon-1.png","type":"image\/png"}],"twitter_card":"summary_large_image","twitter_misc":{"Gesch\u00e4tzte Lesezeit":"2\u00a0Minuten"},"schema":{"@context":"https:\/\/schema.org","@graph":[{"@type":"WebPage","@id":"https:\/\/smarttrader.community\/de\/uber-das-unternehmen\/","url":"https:\/\/smarttrader.community\/de\/uber-das-unternehmen\/","name":"- SmartTrader","isPartOf":{"@id":"https:\/\/smarttrader.community\/de\/#website"},"primaryImageOfPage":{"@id":"https:\/\/smarttrader.community\/de\/uber-das-unternehmen\/#primaryimage"},"image":{"@id":"https:\/\/smarttrader.community\/de\/uber-das-unternehmen\/#primaryimage"},"thumbnailUrl":"https:\/\/smarttrader.community\/wp-content\/uploads\/2023\/03\/RL-Icon-1.png","datePublished":"2022-03-19T08:26:54+00:00","dateModified":"2024-12-11T14:57:40+00:00","description":"Der Handel ist alles andere als einfach und vor allem kann man vieles falsch machen und trotzdem das Gef\u00fchl haben...","inLanguage":"de","potentialAction":[{"@type":"ReadAction","target":["https:\/\/smarttrader.community\/de\/uber-das-unternehmen\/"]}]},{"@type":"ImageObject","inLanguage":"de","@id":"https:\/\/smarttrader.community\/de\/uber-das-unternehmen\/#primaryimage","url":"https:\/\/smarttrader.community\/wp-content\/uploads\/2023\/03\/RL-Icon-1.png","contentUrl":"https:\/\/smarttrader.community\/wp-content\/uploads\/2023\/03\/RL-Icon-1.png"},{"@type":"WebSite","@id":"https:\/\/smarttrader.community\/de\/#website","url":"https:\/\/smarttrader.community\/de\/","name":"SmartTrader","description":"","potentialAction":[{"@type":"SearchAction","target":{"@type":"EntryPoint","urlTemplate":"https:\/\/smarttrader.community\/de\/?s={search_term_string}"},"query-input":{"@type":"PropertyValueSpecification","valueRequired":true,"valueName":"search_term_string"}}],"inLanguage":"de"}]}},"_links":{"self":[{"href":"https:\/\/smarttrader.community\/de\/wp-json\/wp\/v2\/pages\/7197","targetHints":{"allow":["GET"]}}],"collection":[{"href":"https:\/\/smarttrader.community\/de\/wp-json\/wp\/v2\/pages"}],"about":[{"href":"https:\/\/smarttrader.community\/de\/wp-json\/wp\/v2\/types\/page"}],"author":[{"embeddable":true,"href":"https:\/\/smarttrader.community\/de\/wp-json\/wp\/v2\/users\/1"}],"replies":[{"embeddable":true,"href":"https:\/\/smarttrader.community\/de\/wp-json\/wp\/v2\/comments?post=7197"}],"version-history":[{"count":0,"href":"https:\/\/smarttrader.community\/de\/wp-json\/wp\/v2\/pages\/7197\/revisions"}],"wp:attachment":[{"href":"https:\/\/smarttrader.community\/de\/wp-json\/wp\/v2\/media?parent=7197"}],"curies":[{"name":"wp","href":"https:\/\/api.w.org\/{rel}","templated":true}]}}