{"id":7200,"date":"2023-03-15T10:13:38","date_gmt":"2023-03-15T10:13:38","guid":{"rendered":"https:\/\/smarttrader.community\/?page_id=7200"},"modified":"2024-12-11T14:18:51","modified_gmt":"2024-12-11T14:18:51","slug":"uber-robert-lindner","status":"publish","type":"page","link":"https:\/\/smarttrader.community\/de\/uber-robert-lindner\/","title":{"rendered":""},"content":{"rendered":"\n<div class=\"wp-block-columns is-layout-flex wp-container-core-columns-is-layout-9d6595d7 wp-block-columns-is-layout-flex\">\n<div class=\"wp-block-column is-vertically-aligned-center is-layout-flow wp-block-column-is-layout-flow\" style=\"flex-basis:33.33%\"><div class=\"wp-block-image\">\n<figure class=\"aligncenter size-full is-resized\"><img loading=\"lazy\" loading=\"lazy\" decoding=\"async\" width=\"491\" height=\"491\" src=\"https:\/\/smarttrader.community\/wp-content\/uploads\/2023\/03\/RobertRoundedInsta.png\" alt=\"\" class=\"wp-image-6584\" style=\"width:246px;height:246px\" srcset=\"https:\/\/smarttrader.community\/wp-content\/uploads\/2023\/03\/RobertRoundedInsta.png 491w, https:\/\/smarttrader.community\/wp-content\/uploads\/2023\/03\/RobertRoundedInsta-300x300.png 300w, https:\/\/smarttrader.community\/wp-content\/uploads\/2023\/03\/RobertRoundedInsta-150x150.png 150w, https:\/\/smarttrader.community\/wp-content\/uploads\/2023\/03\/RobertRoundedInsta-110x110.png 110w\" sizes=\"auto, (max-width: 491px) 100vw, 491px\" \/><\/figure>\n<\/div><\/div>\n\n\n\n<div class=\"wp-block-column is-layout-flow wp-block-column-is-layout-flow\" style=\"flex-basis:66.66%\">\n<h1>\u00dcber Robert Lindner<\/h1>\n\n\n\n<br>\n<p style=\"color: #FFDD67;\">Das Wichtigste zuerst: Bei SmartTrader geht es nicht um mich, es geht um Sie.<\/p>\n<br>\n\n\n\n<p>Sie sind die Community und gemeinsam k\u00f6nnen wir viel erreichen!<\/p>\n\n\n\n<p>Ein paar kurze Worte zu meiner Person: Ich bin Robert Lindner. Ich handle seit mehr als 18 Jahren, anfangs haupts\u00e4chlich Aktien, heute alle Anlageklassen. Seit mehr als 14 Jahren, auch w\u00e4hrend meines Studiums, bin ich in verschiedenen Positionen in der Finanzbranche und Unternehmensberatung t\u00e4tig. Ich bin Analyst, Investor, Trader und seit 2014\/15 zunehmend auch Trading-Mentor, Coach, Lehrer oder wie auch immer man es nennen m\u00f6chte. In meiner Anfangszeit als Coach habe ich vor allem institutionelle Trader betreut &#8211; je mehr Geld sie hatten, desto besser.<\/p>\n<\/div>\n<\/div>\n\n\n\n<p><\/p>\n\n\n\n<p><\/p>\n\n\n\n<p>Aus diesem Grund habe ich Anfang 2018 SmartTrader ins Leben gerufen, denn in der Welt, in der ich mich befand, fehlte es nie an Geld, sondern an Menschlichkeit. Ich hatte es nur mit Menschen und Unternehmen zu tun, die genau eines im Sinn hatten: so viel Geld wie m\u00f6glich und so schnell wie m\u00f6glich anzuh\u00e4ufen.&nbsp;<\/p>\n\n\n\n<p>Und das ist vielleicht mein Segen und Fluch zugleich, denn genau darin bin ich gut. Tats\u00e4chlich habe ich immer zu den absoluten Leistungstr\u00e4gern geh\u00f6rt oder sogar neue Ma\u00dfst\u00e4be gesetzt, egal in welcher Funktion ich versucht habe, &#8222;mehr&#8220; herauszuholen. Aber sollte sich mein Leben, oder das Leben von irgendjemandem, um die Maximierung des Return on Investment drehen? Nein, das kann nicht alles sein &#8211; zumindest ist das die Schlussfolgerung, zu der ich gl\u00fccklicherweise irgendwann in meinem Leben gekommen bin.<\/p>\n\n\n\n<p>Bei SmartTrader geht es in erster Linie um Menschen &#8211; um Sie. Um uns. Um alles um uns herum.&nbsp;Und egal wie erfolgreich ich in dem bin, was ich tue, am Ende bin ich einer von Ihnen, nicht mehr und nicht weniger.&nbsp;Die Arbeit mit meinen Sch\u00fclern oder der SmartTrader-Gemeinschaft bereitet mir gro\u00dfe Freude und hat mir geholfen, auf dem Boden zu bleiben. Daf\u00fcr bin ich sehr dankbar.<\/p>\n\n\n\n<p>Die Investmentwelt ist oft eine einzige Jagd nach MEHR, MEHR, MEHR (Rendite, Gewinn, Geld, Verm\u00f6gen, Reichtum) und ja, man verliert sich oft sehr schnell darin. Bei SmartTrader bleiben wir menschlich, immer, und geben dem Ganzen einen echten Sinn. Wir wollen niemanden mehr ausschlie\u00dfen, wir wollen keine kleine Elite sein, wir wollen, dass jeder mit uns an einem Tisch sitzen kann, wir sind eine Gemeinschaft, wir sind eine Familie.&nbsp;Gemeinsam sind wir st\u00e4rker!<\/p>\n\n\n\n<p>In den letzten Jahren haben Tausende von Menschen gelernt, wie die M\u00e4rkte funktionieren und wie man mit dem SmartTrader handelt. Viele von ihnen, viele von Ihnen, sind heute erfolgreiche Trader. Ich bin stolz darauf und auf alle von Ihnen, die es bis hierher geschafft haben oder sich entschlossen haben, diese Reise mit uns anzutreten.<\/p>\n\n\n\n<p>Und die Reise geht weiter, weiter und weiter\u2026<br>Ihr Robert<\/p>\n\n\n\n<p><\/p>\n","protected":false},"excerpt":{"rendered":"<p>\u00dcber Robert Lindner Das Wichtigste zuerst: Bei SmartTrader geht es nicht um mich, es geht um Sie. Sie sind die&#8230;<\/p>\n","protected":false},"author":1,"featured_media":0,"parent":0,"menu_order":0,"comment_status":"closed","ping_status":"closed","template":"","meta":{"content-type":"","pmpro_default_level":"0","_daextam_enable_autolinks":"1","footnotes":""},"class_list":{"0":"post-7200","1":"page","2":"type-page","3":"status-publish","5":"pmpro-has-access"},"yoast_head":"<!-- This site is optimized with the Yoast SEO plugin v26.8 - https:\/\/yoast.com\/product\/yoast-seo-wordpress\/ -->\n<title>- SmartTrader<\/title>\n<meta name=\"description\" content=\"\u00dcber Robert Lindner. Das Wichtigste zuerst: Bei SmartTrader geht es nicht um mich, es geht um SIE. Ein paar kurze Worte zu meiner Person...\" \/>\n<meta name=\"robots\" content=\"index, follow, max-snippet:-1, max-image-preview:large, max-video-preview:-1\" \/>\n<link rel=\"canonical\" href=\"https:\/\/smarttrader.community\/de\/uber-robert-lindner\/\" \/>\n<meta property=\"og:locale\" content=\"de_DE\" \/>\n<meta property=\"og:type\" content=\"article\" \/>\n<meta property=\"og:title\" content=\"- SmartTrader\" \/>\n<meta property=\"og:description\" content=\"\u00dcber Robert Lindner. Das Wichtigste zuerst: Bei SmartTrader geht es nicht um mich, es geht um SIE. Ein paar kurze Worte zu meiner Person...\" \/>\n<meta property=\"og:url\" content=\"https:\/\/smarttrader.community\/de\/uber-robert-lindner\/\" \/>\n<meta property=\"og:site_name\" content=\"SmartTrader\" \/>\n<meta property=\"article:modified_time\" content=\"2024-12-11T14:18:51+00:00\" \/>\n<meta property=\"og:image\" content=\"https:\/\/smarttrader.community\/wp-content\/uploads\/2023\/03\/RobertRoundedInsta.png\" \/>\n\t<meta property=\"og:image:width\" content=\"491\" \/>\n\t<meta property=\"og:image:height\" content=\"491\" \/>\n\t<meta property=\"og:image:type\" content=\"image\/png\" \/>\n<meta name=\"twitter:card\" content=\"summary_large_image\" \/>\n<meta name=\"twitter:label1\" content=\"Gesch\u00e4tzte Lesezeit\" \/>\n\t<meta name=\"twitter:data1\" content=\"3\u00a0Minuten\" \/>\n<script type=\"application\/ld+json\" class=\"yoast-schema-graph\">{\"@context\":\"https:\/\/schema.org\",\"@graph\":[{\"@type\":\"WebPage\",\"@id\":\"https:\/\/smarttrader.community\/de\/uber-robert-lindner\/\",\"url\":\"https:\/\/smarttrader.community\/de\/uber-robert-lindner\/\",\"name\":\"- SmartTrader\",\"isPartOf\":{\"@id\":\"https:\/\/smarttrader.community\/de\/#website\"},\"primaryImageOfPage\":{\"@id\":\"https:\/\/smarttrader.community\/de\/uber-robert-lindner\/#primaryimage\"},\"image\":{\"@id\":\"https:\/\/smarttrader.community\/de\/uber-robert-lindner\/#primaryimage\"},\"thumbnailUrl\":\"https:\/\/smarttrader.community\/wp-content\/uploads\/2023\/03\/RobertRoundedInsta.png\",\"datePublished\":\"2023-03-15T10:13:38+00:00\",\"dateModified\":\"2024-12-11T14:18:51+00:00\",\"description\":\"\u00dcber Robert Lindner. Das Wichtigste zuerst: Bei SmartTrader geht es nicht um mich, es geht um SIE. Ein paar kurze Worte zu meiner Person...\",\"inLanguage\":\"de\",\"potentialAction\":[{\"@type\":\"ReadAction\",\"target\":[\"https:\/\/smarttrader.community\/de\/uber-robert-lindner\/\"]}]},{\"@type\":\"ImageObject\",\"inLanguage\":\"de\",\"@id\":\"https:\/\/smarttrader.community\/de\/uber-robert-lindner\/#primaryimage\",\"url\":\"https:\/\/smarttrader.community\/wp-content\/uploads\/2023\/03\/RobertRoundedInsta.png\",\"contentUrl\":\"https:\/\/smarttrader.community\/wp-content\/uploads\/2023\/03\/RobertRoundedInsta.png\"},{\"@type\":\"WebSite\",\"@id\":\"https:\/\/smarttrader.community\/de\/#website\",\"url\":\"https:\/\/smarttrader.community\/de\/\",\"name\":\"SmartTrader\",\"description\":\"\",\"potentialAction\":[{\"@type\":\"SearchAction\",\"target\":{\"@type\":\"EntryPoint\",\"urlTemplate\":\"https:\/\/smarttrader.community\/de\/?s={search_term_string}\"},\"query-input\":{\"@type\":\"PropertyValueSpecification\",\"valueRequired\":true,\"valueName\":\"search_term_string\"}}],\"inLanguage\":\"de\"}]}<\/script>\n<!-- \/ Yoast SEO plugin. -->","yoast_head_json":{"title":"- SmartTrader","description":"\u00dcber Robert Lindner. Das Wichtigste zuerst: Bei SmartTrader geht es nicht um mich, es geht um SIE. Ein paar kurze Worte zu meiner Person...","robots":{"index":"index","follow":"follow","max-snippet":"max-snippet:-1","max-image-preview":"max-image-preview:large","max-video-preview":"max-video-preview:-1"},"canonical":"https:\/\/smarttrader.community\/de\/uber-robert-lindner\/","og_locale":"de_DE","og_type":"article","og_title":"- SmartTrader","og_description":"\u00dcber Robert Lindner. Das Wichtigste zuerst: Bei SmartTrader geht es nicht um mich, es geht um SIE. Ein paar kurze Worte zu meiner Person...","og_url":"https:\/\/smarttrader.community\/de\/uber-robert-lindner\/","og_site_name":"SmartTrader","article_modified_time":"2024-12-11T14:18:51+00:00","og_image":[{"width":491,"height":491,"url":"https:\/\/smarttrader.community\/wp-content\/uploads\/2023\/03\/RobertRoundedInsta.png","type":"image\/png"}],"twitter_card":"summary_large_image","twitter_misc":{"Gesch\u00e4tzte Lesezeit":"3\u00a0Minuten"},"schema":{"@context":"https:\/\/schema.org","@graph":[{"@type":"WebPage","@id":"https:\/\/smarttrader.community\/de\/uber-robert-lindner\/","url":"https:\/\/smarttrader.community\/de\/uber-robert-lindner\/","name":"- SmartTrader","isPartOf":{"@id":"https:\/\/smarttrader.community\/de\/#website"},"primaryImageOfPage":{"@id":"https:\/\/smarttrader.community\/de\/uber-robert-lindner\/#primaryimage"},"image":{"@id":"https:\/\/smarttrader.community\/de\/uber-robert-lindner\/#primaryimage"},"thumbnailUrl":"https:\/\/smarttrader.community\/wp-content\/uploads\/2023\/03\/RobertRoundedInsta.png","datePublished":"2023-03-15T10:13:38+00:00","dateModified":"2024-12-11T14:18:51+00:00","description":"\u00dcber Robert Lindner. Das Wichtigste zuerst: Bei SmartTrader geht es nicht um mich, es geht um SIE. Ein paar kurze Worte zu meiner Person...","inLanguage":"de","potentialAction":[{"@type":"ReadAction","target":["https:\/\/smarttrader.community\/de\/uber-robert-lindner\/"]}]},{"@type":"ImageObject","inLanguage":"de","@id":"https:\/\/smarttrader.community\/de\/uber-robert-lindner\/#primaryimage","url":"https:\/\/smarttrader.community\/wp-content\/uploads\/2023\/03\/RobertRoundedInsta.png","contentUrl":"https:\/\/smarttrader.community\/wp-content\/uploads\/2023\/03\/RobertRoundedInsta.png"},{"@type":"WebSite","@id":"https:\/\/smarttrader.community\/de\/#website","url":"https:\/\/smarttrader.community\/de\/","name":"SmartTrader","description":"","potentialAction":[{"@type":"SearchAction","target":{"@type":"EntryPoint","urlTemplate":"https:\/\/smarttrader.community\/de\/?s={search_term_string}"},"query-input":{"@type":"PropertyValueSpecification","valueRequired":true,"valueName":"search_term_string"}}],"inLanguage":"de"}]}},"_links":{"self":[{"href":"https:\/\/smarttrader.community\/de\/wp-json\/wp\/v2\/pages\/7200","targetHints":{"allow":["GET"]}}],"collection":[{"href":"https:\/\/smarttrader.community\/de\/wp-json\/wp\/v2\/pages"}],"about":[{"href":"https:\/\/smarttrader.community\/de\/wp-json\/wp\/v2\/types\/page"}],"author":[{"embeddable":true,"href":"https:\/\/smarttrader.community\/de\/wp-json\/wp\/v2\/users\/1"}],"replies":[{"embeddable":true,"href":"https:\/\/smarttrader.community\/de\/wp-json\/wp\/v2\/comments?post=7200"}],"version-history":[{"count":0,"href":"https:\/\/smarttrader.community\/de\/wp-json\/wp\/v2\/pages\/7200\/revisions"}],"wp:attachment":[{"href":"https:\/\/smarttrader.community\/de\/wp-json\/wp\/v2\/media?parent=7200"}],"curies":[{"name":"wp","href":"https:\/\/api.w.org\/{rel}","templated":true}]}}